{"id":2344,"date":"2025-11-18T18:28:08","date_gmt":"2025-11-18T18:28:08","guid":{"rendered":"https:\/\/andyqi.eu\/?post_type=product&#038;p=2344"},"modified":"2026-01-17T18:19:48","modified_gmt":"2026-01-17T16:19:48","slug":"hiking-moisturizing-facial-pads-calming","status":"publish","type":"product","link":"https:\/\/andyqi.eu\/et\/toode\/hiking-moisturizing-facial-pads-calming\/","title":{"rendered":"Niisutavad n\u00e4opadjad 15 tk \u2013 RAHUSTAV"},"content":{"rendered":"<p>Vaikuse rituaal sinu n\u00e4ole. See ei ole lihtsalt n\u00e4ohoolduspadjake. See l\u00f5petab vanade segadust tekitavate puhastuspudelite kasutamise ja asendab need t\u00e4ieliku, kasutusvalmis rituaaliga, mis on loodud liikvel olevale \u00f5rnale nahale. Tuginedes meie 3 \u00fches filosoofiale puhastab, niisutab ja taastab see matkamiseks ja reisimiseks m\u00f5eldud n\u00e4ohoolduspadjake rahu \u00fche kiire sammuga, olgu sa rajal k\u00fclmas \u00f6\u00f6\u00f5hus, tolmuses linnas v\u00f5i just pikalt lennult saabunud. Mida see toode sulle annab \u00d5rn hooldus n\u00e4opuhastuseks ja niisutamiseks. Kasu on taastunud elastsus ja hingav kaitsekiht. Iga padjake on immutatud puhta Eesti orgaanilise kanepi\u00f5liga. See eemaldab \u00f5rnalt rajalt kogunenud tolmu, higi ja ebapuhtused, ilma et nahalt eemaldataks selle loomulikud \u00f5lid. Oomegarikas koostis annab s\u00fcgava niisutuse, toetab naha elastsust ja loob loomuliku barj\u00e4\u00e4ri kuiva tuule ja k\u00fclma \u00f6\u00f6\u00f5hu vastu, muutes selle usaldusv\u00e4\u00e4rseks v\u00e4litingimustesse sobivaks hooldusvahendiks p\u00e4rast pikki ja n\u00f5udlikke p\u00e4evi. S\u00fcgav aroomiteraapia meeleliseks l\u00f5\u00f5gastuseks. Kasu on sisemise m\u00fcra ja pinge kiire vaibumine. Hetkel, kui avad vastupidava alumiiniumkarbi, aeglustub keha r\u00fctm. Kvaliteetsed eeterlikud \u00f5lid hakkavad kohe toimima, rahustades nii nahka kui ka meelt. Lavendel tasakaalustab nahatooni ja rahustab \u00f5rnalt n\u00e4rvis\u00fcsteemi. Ylang ylang pehmendab nahka ja aitab vabastada emotsionaalset pinget. Viiruk ja muskaatsalvei maandavad meelt, v\u00e4hendavad stressi ja s\u00fcvendavad rahu p\u00e4rast pikki matka-, reisi- v\u00f5i t\u00f6\u00f6p\u00e4evi. Sisemine m\u00f5ju ja s\u00fcgavam toime. Kasu on keha ja meele ettevalmistamine uneks. Aktiivsed taimsed koostisosad imenduvad kiiresti l\u00e4bi naha, pakkudes t\u00f5elist f\u00fc\u00fcsilist l\u00f5\u00f5gastust, mis ulatub pinnast kaugemale. Puhastamise ajal tunned pinge langust, mis aitab kehal rahuneda ja meelel aeglustuda taastavaks uneks t\u00e4htede all v\u00f5i hotellitoas p\u00e4rast pikka teekonda. Nutikas varustus loodusesse. Nahahooldus peab olema sama usaldusv\u00e4\u00e4rne kui sinu kompass. Padjakesed on pakendatud kompaktsesse alumiiniumkarpi, mis on UV kindel, niiskuskindel ja \u00f5hukindel, kaitstes \u00f5lisid ja niiskust p\u00e4ris r\u00e4nnakutel. P\u00e4rast iga kasutust keera kaas alati tihedalt kinni, et eeterlikud \u00f5lid p\u00fcsiksid v\u00e4rsked ja padjakesed oleksid valmis ka homme ja \u00fclehomme. Kasuta padjakest seni, kuni see p\u00fcsib puhas ja niiske. Kui see l\u00f5puks kuivab, on materjal 100 protsenti biolagunev ja naaseb ohutult loodusesse. Sinu valitud retsept on calming. Tulemuseks on rahu liikumises, v\u00e4ike varjupaik karbis, mis vaigistab kiire meele, vabastab kehalise pinge ja l\u00f5petab p\u00e4eva puhta ning rahuliku taask\u00e4ivitusega.<\/p>","protected":false},"excerpt":{"rendered":"<p>RAHUSTAVAD matkamiseks ja reisimiseks m\u00f5eldud n\u00e4opadjad kompaktses alumiiniumkarbis. Iga eelniisutatud padi on immutatud puhta Eesti mahekanepiseemne\u00f5liga ning rikastatud lavendli, ylang-ylangi, viiruki ja muskaatsalvei eeterlike \u00f5lidega. Lavendel toetab rahulikku ja pehmet sensoorse kogemust ning on hinnatud oma \u00f5rna lillelise iseloomu poolest. Ylang-ylang lisab rikkaliku eksootilise pehmuse, toetab hellitavat nahatunnet ja aitab pingest p\u00e4rast n\u00f5udlikku p\u00e4eva lahti lasta. Viiruk annab sooja vaiguse s\u00fcgavuse, mis toetab maandavat tunnet ja s\u00fcgavamat l\u00f5\u00f5gastust. Muskaatsalvei lisab pehme \u00fcrdise n\u00fcansi, aidates leevendada stressi ja v\u00e4simust ning toetades rahulikumat \u00f5htust maandumist p\u00e4rast pikki r\u00e4nnakuid v\u00f5i lende. Keera kaas alati hoolikalt ja tugevalt kinni p\u00e4rast kasutamist, et padjad p\u00fcsiksid niisked, toimekad ja v\u00e4rsked.<\/p>","protected":false},"featured_media":75,"comment_status":"open","ping_status":"closed","template":"","meta":{"site-sidebar-layout":"default","site-content-layout":"","ast-site-content-layout":"default","site-content-style":"default","site-sidebar-style":"default","ast-global-header-display":"","ast-banner-title-visibility":"","ast-main-header-display":"","ast-hfb-above-header-display":"","ast-hfb-below-header-display":"","ast-hfb-mobile-header-display":"","site-post-title":"","ast-breadcrumbs-content":"","ast-featured-img":"","footer-sml-layout":"","theme-transparent-header-meta":"default","adv-header-id-meta":"","stick-header-meta":"","header-above-stick-meta":"","header-main-stick-meta":"","header-below-stick-meta":"","astra-migrate-meta-layouts":"set","ast-page-background-enabled":"default","ast-page-background-meta":{"desktop":{"background-color":"var(--ast-global-color-4)","background-image":"","background-repeat":"repeat","background-position":"center center","background-size":"auto","background-attachment":"scroll","background-type":"","background-media":"","overlay-type":"","overlay-color":"","overlay-opacity":"","overlay-gradient":""},"tablet":{"background-color":"","background-image":"","background-repeat":"repeat","background-position":"center center","background-size":"auto","background-attachment":"scroll","background-type":"","background-media":"","overlay-type":"","overlay-color":"","overlay-opacity":"","overlay-gradient":""},"mobile":{"background-color":"","background-image":"","background-repeat":"repeat","background-position":"center center","background-size":"auto","background-attachment":"scroll","background-type":"","background-media":"","overlay-type":"","overlay-color":"","overlay-opacity":"","overlay-gradient":""}},"ast-content-background-meta":{"desktop":{"background-color":"var(--ast-global-color-5)","background-image":"","background-repeat":"repeat","background-position":"center center","background-size":"auto","background-attachment":"scroll","background-type":"","background-media":"","overlay-type":"","overlay-color":"","overlay-opacity":"","overlay-gradient":""},"tablet":{"background-color":"var(--ast-global-color-5)","background-image":"","background-repeat":"repeat","background-position":"center center","background-size":"auto","background-attachment":"scroll","background-type":"","background-media":"","overlay-type":"","overlay-color":"","overlay-opacity":"","overlay-gradient":""},"mobile":{"background-color":"var(--ast-global-color-5)","background-image":"","background-repeat":"repeat","background-position":"center center","background-size":"auto","background-attachment":"scroll","background-type":"","background-media":"","overlay-type":"","overlay-color":"","overlay-opacity":"","overlay-gradient":""}}},"product_brand":[21],"product_cat":[50,49,48],"product_tag":[24,34,35,29,28,26,25,22],"class_list":{"0":"post-2344","1":"product","2":"type-product","3":"status-publish","4":"has-post-thumbnail","6":"product_brand-andy-qi","7":"product_cat-travel-cosmetics","8":"product_cat-natural-skincare","9":"product_cat-travel-skincare","10":"product_tag-andy-qi","11":"product_tag-face-pads","12":"product_tag-facetravelpads","13":"product_tag-handmade","14":"product_tag-hempseedoil","15":"product_tag-hiking","16":"product_tag-hiking-cosmetics","17":"product_tag-travel","18":"desktop-align-left","19":"tablet-align-left","20":"mobile-align-left","22":"first","23":"instock","24":"sale","25":"taxable","26":"shipping-taxable","27":"purchasable","28":"product-type-simple"},"_links":{"self":[{"href":"https:\/\/andyqi.eu\/et\/wp-json\/wp\/v2\/product\/2344","targetHints":{"allow":["GET"]}}],"collection":[{"href":"https:\/\/andyqi.eu\/et\/wp-json\/wp\/v2\/product"}],"about":[{"href":"https:\/\/andyqi.eu\/et\/wp-json\/wp\/v2\/types\/product"}],"replies":[{"embeddable":true,"href":"https:\/\/andyqi.eu\/et\/wp-json\/wp\/v2\/comments?post=2344"}],"wp:featuredmedia":[{"embeddable":true,"href":"https:\/\/andyqi.eu\/et\/wp-json\/wp\/v2\/media\/75"}],"wp:attachment":[{"href":"https:\/\/andyqi.eu\/et\/wp-json\/wp\/v2\/media?parent=2344"}],"wp:term":[{"taxonomy":"product_brand","embeddable":true,"href":"https:\/\/andyqi.eu\/et\/wp-json\/wp\/v2\/product_brand?post=2344"},{"taxonomy":"product_cat","embeddable":true,"href":"https:\/\/andyqi.eu\/et\/wp-json\/wp\/v2\/product_cat?post=2344"},{"taxonomy":"product_tag","embeddable":true,"href":"https:\/\/andyqi.eu\/et\/wp-json\/wp\/v2\/product_tag?post=2344"}],"curies":[{"name":"wp","href":"https:\/\/api.w.org\/{rel}","templated":true}]}}